{"id":205,"date":"2022-03-22T11:22:29","date_gmt":"2022-03-22T10:22:29","guid":{"rendered":"http:\/\/www.zaciszejaszczoltowo.pl\/?page_id=205"},"modified":"2025-03-24T22:24:47","modified_gmt":"2025-03-24T21:24:47","slug":"wykonawca-2","status":"publish","type":"page","link":"https:\/\/www.zaciszejaszczoltowo.pl\/?page_id=205","title":{"rendered":"Wykonawca"},"content":{"rendered":"\n<p>Firma Budowlana Adi Bud powsta\u0142a w 2003 roku.<\/p>\n\n\n\n<p class=\"has-text-align-left\">Podstawow\u0105 dzia\u0142alno\u015bci\u0105 firmy jest budowa dom\u00f3w, budynk\u00f3w&nbsp;na zlecenie&nbsp;Klient\u00f3w indywidualnych, a tak\u017ce firm deweloperskich. <\/p>\n\n\n\n<p>Pracowali\u015bmy jako wykonawca dla znanych, lokalnych firm, m. in. takich jak<\/p>\n\n\n\n<ul>\n<li>AB KUJAWY<\/li>\n\n\n\n<li>Inowroc\u0142awskie Towarzystwo Budownictwa Spo\u0142ecznego<\/li>\n\n\n\n<li>RED CO.<\/li>\n\n\n\n<li>MEGA<\/li>\n<\/ul>\n\n\n\n<p>Wsp\u00f3\u0142pracujemy z przedstawicielami wiod\u0105cych na rynku firm, kt\u00f3re dostarczaj\u0105 poszczeg\u00f3lne materia\u0142y konstrukcyjne, budowlane, instalacyjne, wyko\u0144czeniowe. Dzi\u0119ki czemu zapewniamy najwy\u017csz\u0105 jako\u015b\u0107 us\u0142ug nawet w\u015br\u00f3d najbardziej wymagaj\u0105cych Klient\u00f3w.<\/p>\n\n\n\n<p>W 2022 roku poszerzyli\u015bmy zakres dzia\u0142alno\u015bci o us\u0142ug\u0119 sprzeda\u017cy nowych dom\u00f3w jednorodzinnych.<\/p>\n\n\n\n<p>Wychodz\u0105c naprzeciw oczekiwa\u0144 na prze\u0142omie ruszyli\u015bmy z now\u0105 inwestycj\u0105 w miejscowo\u015bci Jaszcz\u00f3\u0142towo.<\/p>\n\n\n\n<p>Miejscowo\u015b\u0107 ta po\u0142o\u017cona jest w cichej, spokojnej oraz malowniczej okolicy, w kt\u00f3rej wyst\u0119puj\u0105 g\u0142\u00f3wnie lasy. <\/p>\n\n\n\n<p>Inwestycja to zesp\u00f3\u0142 trzech kompleksowych budynk\u00f3w z podzia\u0142em na mieszkania lub apartamenty, wi\u0119cej informacji znajd\u0105 Pa\u0144stwo w zak\u0142adce <a href=\"https:\/\/www.zaciszejaszczoltowo.pl\/?p=28\" data-type=\"URL\" data-id=\"https:\/\/www.zaciszejaszczoltowo.pl\/?p=28\">Oferta<\/a><\/p>\n\n\n\n<p class=\"has-text-align-left\">Prace prowadzone s\u0105 kompleksowo, od wbicia pierwszej \u0142opaty w ziemi\u0119, a\u017c do momentu wr\u0119czenia Klientowi kluczy do wybranego mieszkania, apartamentu.<\/p>\n","protected":false},"excerpt":{"rendered":"<p>Firma Budowlana Adi Bud powsta\u0142a w 2003 roku. Podstawow\u0105 dzia\u0142alno\u015bci\u0105 firmy jest budowa dom\u00f3w, budynk\u00f3w&nbsp;na zlecenie&nbsp;Klient\u00f3w indywidualnych, a tak\u017ce firm deweloperskich. Pracowali\u015bmy jako wykonawca dla znanych, lokalnych firm, m. in. takich jak Wsp\u00f3\u0142pracujemy z przedstawicielami wiod\u0105cych na rynku firm, kt\u00f3re dostarczaj\u0105 poszczeg\u00f3lne materia\u0142y konstrukcyjne, budowlane, instalacyjne, wyko\u0144czeniowe. Dzi\u0119ki czemu zapewniamy najwy\u017csz\u0105 jako\u015b\u0107 us\u0142ug nawet w\u015br\u00f3d najbardziej wymagaj\u0105cych Klient\u00f3w. W 2022 roku poszerzyli\u015bmy zakres dzia\u0142alno\u015bci o us\u0142ug\u0119 sprzeda\u017cy nowych dom\u00f3w jednorodzinnych. Wychodz\u0105c naprzeciw oczekiwa\u0144 na prze\u0142omie ruszyli\u015bmy z now\u0105 inwestycj\u0105 w miejscowo\u015bci Jaszcz\u00f3\u0142towo. Miejscowo\u015b\u0107 ta po\u0142o\u017cona jest w cichej, spokojnej oraz malowniczej okolicy, w kt\u00f3rej wyst\u0119puj\u0105 g\u0142\u00f3wnie lasy. Inwestycja to zesp\u00f3\u0142 trzech kompleksowych budynk\u00f3w z podzia\u0142em na mieszkania lub apartamenty, wi\u0119cej informacji znajd\u0105 Pa\u0144stwo w zak\u0142adce Oferta Prace prowadzone s\u0105 kompleksowo, od wbicia pierwszej \u0142opaty w ziemi\u0119, a\u017c do momentu wr\u0119czenia Klientowi kluczy do wybranego mieszkania, apartamentu.<\/p>\n","protected":false},"author":1,"featured_media":0,"parent":0,"menu_order":0,"comment_status":"closed","ping_status":"closed","template":"","meta":{"footnotes":""},"_links":{"self":[{"href":"https:\/\/www.zaciszejaszczoltowo.pl\/index.php?rest_route=\/wp\/v2\/pages\/205"}],"collection":[{"href":"https:\/\/www.zaciszejaszczoltowo.pl\/index.php?rest_route=\/wp\/v2\/pages"}],"about":[{"href":"https:\/\/www.zaciszejaszczoltowo.pl\/index.php?rest_route=\/wp\/v2\/types\/page"}],"author":[{"embeddable":true,"href":"https:\/\/www.zaciszejaszczoltowo.pl\/index.php?rest_route=\/wp\/v2\/users\/1"}],"replies":[{"embeddable":true,"href":"https:\/\/www.zaciszejaszczoltowo.pl\/index.php?rest_route=%2Fwp%2Fv2%2Fcomments&post=205"}],"version-history":[{"count":15,"href":"https:\/\/www.zaciszejaszczoltowo.pl\/index.php?rest_route=\/wp\/v2\/pages\/205\/revisions"}],"predecessor-version":[{"id":530,"href":"https:\/\/www.zaciszejaszczoltowo.pl\/index.php?rest_route=\/wp\/v2\/pages\/205\/revisions\/530"}],"wp:attachment":[{"href":"https:\/\/www.zaciszejaszczoltowo.pl\/index.php?rest_route=%2Fwp%2Fv2%2Fmedia&parent=205"}],"curies":[{"name":"wp","href":"https:\/\/api.w.org\/{rel}","templated":true}]}}